{"id":905,"date":"2023-10-06T07:57:40","date_gmt":"2023-10-06T05:57:40","guid":{"rendered":"http:\/\/www.sophie-international.com\/?post_type=product&#038;p=905"},"modified":"2023-10-20T07:58:12","modified_gmt":"2023-10-20T05:58:12","slug":"intiaani-kaulakoru-korvarenkaineen-collares-de-cuello-y-oreja","status":"publish","type":"product","link":"https:\/\/www.sophie-international.com\/en\/product\/intiaani-kaulakoru-korvarenkaineen-collares-de-cuello-y-oreja\/","title":{"rendered":"Andean indigenous necklace with earrings - Collares de cuello y oreja"},"content":{"rendered":"<p>The indigenous jewellery for sale is made in Ecuador. They are copies of the original indigenous jewellery. They do not contain natural wild animal teeth but have been replaced with plastic. We do not recommend this jewellery for people allergic to metal.<\/p>","protected":false},"excerpt":{"rendered":"<p>The bronze necklace and earrings are a good representation of the original indigenous jewellery art, which is remarkably similar to our Kalevala tradition. It is a demonstration of the unity of indigenous art.<br \/>\nThe jewellery is made of local bronze, which is not of the same purity as European bronze and is therefore not recommended for people allergic to metals, especially those sensitive to copper.<\/p>","protected":false},"featured_media":615,"comment_status":"open","ping_status":"closed","template":"","meta":[],"product_cat":[41],"product_tag":[],"yoast_head":"<!-- This site is optimized with the Yoast SEO plugin v23.5 - https:\/\/yoast.com\/wordpress\/plugins\/seo\/ -->\n<title>Intiaani kaulakoru korvarenkaineen \u2013 Collares de cuello y oreja - Sophie International<\/title>\n<meta name=\"robots\" content=\"index, follow, max-snippet:-1, max-image-preview:large, max-video-preview:-1\" \/>\n<link rel=\"canonical\" href=\"https:\/\/www.sophie-international.com\/en\/product\/intiaani-kaulakoru-korvarenkaineen-collares-de-cuello-y-oreja\/\" \/>\n<meta property=\"og:locale\" content=\"en_US\" \/>\n<meta property=\"og:type\" content=\"article\" \/>\n<meta property=\"og:title\" content=\"Intiaani kaulakoru korvarenkaineen \u2013 Collares de cuello y oreja - Sophie International\" \/>\n<meta property=\"og:description\" content=\"Bronssiset kaulakoru ja korvarenkaat edustavat hyvin intiaanien alkuper\u00e4ist\u00e4 korutaidetta, joka h\u00e4mm\u00e4stytt\u00e4v\u00e4sti muistuttaa meid\u00e4n kalevalaista traditiota. Se on osoitus alkuper\u00e4iskansojen taiteen yhten\u00e4isyydest\u00e4. Koru on valmistettu paikallisesta brossista, jonka puhtausaste ei vastaa eurooppalaista, joten niit\u00e4 ei suositella metalleille allergisille eik\u00e4 varsinkaan kuparille herkistyneille.\" \/>\n<meta property=\"og:url\" content=\"https:\/\/www.sophie-international.com\/en\/product\/intiaani-kaulakoru-korvarenkaineen-collares-de-cuello-y-oreja\/\" \/>\n<meta property=\"og:site_name\" content=\"Sophie International\" \/>\n<meta property=\"article:modified_time\" content=\"2023-10-20T05:58:12+00:00\" \/>\n<meta property=\"og:image\" content=\"https:\/\/www.sophie-international.com\/wp-content\/uploads\/2023\/09\/IMG_6188_2-scaled.jpg\" \/>\n\t<meta property=\"og:image:width\" content=\"1707\" \/>\n\t<meta property=\"og:image:height\" content=\"2560\" \/>\n\t<meta property=\"og:image:type\" content=\"image\/jpeg\" \/>\n<meta name=\"twitter:card\" content=\"summary_large_image\" \/>\n<script type=\"application\/ld+json\" class=\"yoast-schema-graph\">{\"@context\":\"https:\/\/schema.org\",\"@graph\":[{\"@type\":\"WebPage\",\"@id\":\"https:\/\/www.sophie-international.com\/tuote\/intiaani-kaulakoru-korvarenkaineen-collares-de-cuello-y-oreja\/\",\"url\":\"https:\/\/www.sophie-international.com\/tuote\/intiaani-kaulakoru-korvarenkaineen-collares-de-cuello-y-oreja\/\",\"name\":\"Intiaani kaulakoru korvarenkaineen \u2013 Collares de cuello y oreja - Sophie International\",\"isPartOf\":{\"@id\":\"https:\/\/www.sophie-international.com\/#website\"},\"primaryImageOfPage\":{\"@id\":\"https:\/\/www.sophie-international.com\/tuote\/intiaani-kaulakoru-korvarenkaineen-collares-de-cuello-y-oreja\/#primaryimage\"},\"image\":{\"@id\":\"https:\/\/www.sophie-international.com\/tuote\/intiaani-kaulakoru-korvarenkaineen-collares-de-cuello-y-oreja\/#primaryimage\"},\"thumbnailUrl\":\"https:\/\/www.sophie-international.com\/wp-content\/uploads\/2023\/09\/IMG_6188_2-scaled.jpg\",\"datePublished\":\"2023-10-06T05:57:40+00:00\",\"dateModified\":\"2023-10-20T05:58:12+00:00\",\"breadcrumb\":{\"@id\":\"https:\/\/www.sophie-international.com\/tuote\/intiaani-kaulakoru-korvarenkaineen-collares-de-cuello-y-oreja\/#breadcrumb\"},\"inLanguage\":\"en-US\",\"potentialAction\":[{\"@type\":\"ReadAction\",\"target\":[\"https:\/\/www.sophie-international.com\/tuote\/intiaani-kaulakoru-korvarenkaineen-collares-de-cuello-y-oreja\/\"]}]},{\"@type\":\"ImageObject\",\"inLanguage\":\"en-US\",\"@id\":\"https:\/\/www.sophie-international.com\/tuote\/intiaani-kaulakoru-korvarenkaineen-collares-de-cuello-y-oreja\/#primaryimage\",\"url\":\"https:\/\/www.sophie-international.com\/wp-content\/uploads\/2023\/09\/IMG_6188_2-scaled.jpg\",\"contentUrl\":\"https:\/\/www.sophie-international.com\/wp-content\/uploads\/2023\/09\/IMG_6188_2-scaled.jpg\",\"width\":1707,\"height\":2560,\"caption\":\"Pronssikoru\"},{\"@type\":\"BreadcrumbList\",\"@id\":\"https:\/\/www.sophie-international.com\/tuote\/intiaani-kaulakoru-korvarenkaineen-collares-de-cuello-y-oreja\/#breadcrumb\",\"itemListElement\":[{\"@type\":\"ListItem\",\"position\":1,\"name\":\"Home\",\"item\":\"https:\/\/www.sophie-international.com\/\"},{\"@type\":\"ListItem\",\"position\":2,\"name\":\"cart\",\"item\":\"https:\/\/www.sophie-international.com\/cart\/\"},{\"@type\":\"ListItem\",\"position\":3,\"name\":\"Intiaani kaulakoru korvarenkaineen \u2013 Collares de cuello y oreja\"}]},{\"@type\":\"WebSite\",\"@id\":\"https:\/\/www.sophie-international.com\/#website\",\"url\":\"https:\/\/www.sophie-international.com\/\",\"name\":\"Sophie International\",\"description\":\"\",\"potentialAction\":[{\"@type\":\"SearchAction\",\"target\":{\"@type\":\"EntryPoint\",\"urlTemplate\":\"https:\/\/www.sophie-international.com\/?s={search_term_string}\"},\"query-input\":{\"@type\":\"PropertyValueSpecification\",\"valueRequired\":true,\"valueName\":\"search_term_string\"}}],\"inLanguage\":\"en-US\"}]}<\/script>\n<!-- \/ Yoast SEO plugin. -->","yoast_head_json":{"title":"Intiaani kaulakoru korvarenkaineen \u2013 Collares de cuello y oreja - Sophie International","robots":{"index":"index","follow":"follow","max-snippet":"max-snippet:-1","max-image-preview":"max-image-preview:large","max-video-preview":"max-video-preview:-1"},"canonical":"https:\/\/www.sophie-international.com\/en\/product\/intiaani-kaulakoru-korvarenkaineen-collares-de-cuello-y-oreja\/","og_locale":"en_US","og_type":"article","og_title":"Intiaani kaulakoru korvarenkaineen \u2013 Collares de cuello y oreja - Sophie International","og_description":"Bronssiset kaulakoru ja korvarenkaat edustavat hyvin intiaanien alkuper\u00e4ist\u00e4 korutaidetta, joka h\u00e4mm\u00e4stytt\u00e4v\u00e4sti muistuttaa meid\u00e4n kalevalaista traditiota. Se on osoitus alkuper\u00e4iskansojen taiteen yhten\u00e4isyydest\u00e4. Koru on valmistettu paikallisesta brossista, jonka puhtausaste ei vastaa eurooppalaista, joten niit\u00e4 ei suositella metalleille allergisille eik\u00e4 varsinkaan kuparille herkistyneille.","og_url":"https:\/\/www.sophie-international.com\/en\/product\/intiaani-kaulakoru-korvarenkaineen-collares-de-cuello-y-oreja\/","og_site_name":"Sophie International","article_modified_time":"2023-10-20T05:58:12+00:00","og_image":[{"width":1707,"height":2560,"url":"https:\/\/www.sophie-international.com\/wp-content\/uploads\/2023\/09\/IMG_6188_2-scaled.jpg","type":"image\/jpeg"}],"twitter_card":"summary_large_image","schema":{"@context":"https:\/\/schema.org","@graph":[{"@type":"WebPage","@id":"https:\/\/www.sophie-international.com\/tuote\/intiaani-kaulakoru-korvarenkaineen-collares-de-cuello-y-oreja\/","url":"https:\/\/www.sophie-international.com\/tuote\/intiaani-kaulakoru-korvarenkaineen-collares-de-cuello-y-oreja\/","name":"Intiaani kaulakoru korvarenkaineen \u2013 Collares de cuello y oreja - Sophie International","isPartOf":{"@id":"https:\/\/www.sophie-international.com\/#website"},"primaryImageOfPage":{"@id":"https:\/\/www.sophie-international.com\/tuote\/intiaani-kaulakoru-korvarenkaineen-collares-de-cuello-y-oreja\/#primaryimage"},"image":{"@id":"https:\/\/www.sophie-international.com\/tuote\/intiaani-kaulakoru-korvarenkaineen-collares-de-cuello-y-oreja\/#primaryimage"},"thumbnailUrl":"https:\/\/www.sophie-international.com\/wp-content\/uploads\/2023\/09\/IMG_6188_2-scaled.jpg","datePublished":"2023-10-06T05:57:40+00:00","dateModified":"2023-10-20T05:58:12+00:00","breadcrumb":{"@id":"https:\/\/www.sophie-international.com\/tuote\/intiaani-kaulakoru-korvarenkaineen-collares-de-cuello-y-oreja\/#breadcrumb"},"inLanguage":"en-US","potentialAction":[{"@type":"ReadAction","target":["https:\/\/www.sophie-international.com\/tuote\/intiaani-kaulakoru-korvarenkaineen-collares-de-cuello-y-oreja\/"]}]},{"@type":"ImageObject","inLanguage":"en-US","@id":"https:\/\/www.sophie-international.com\/tuote\/intiaani-kaulakoru-korvarenkaineen-collares-de-cuello-y-oreja\/#primaryimage","url":"https:\/\/www.sophie-international.com\/wp-content\/uploads\/2023\/09\/IMG_6188_2-scaled.jpg","contentUrl":"https:\/\/www.sophie-international.com\/wp-content\/uploads\/2023\/09\/IMG_6188_2-scaled.jpg","width":1707,"height":2560,"caption":"Pronssikoru"},{"@type":"BreadcrumbList","@id":"https:\/\/www.sophie-international.com\/tuote\/intiaani-kaulakoru-korvarenkaineen-collares-de-cuello-y-oreja\/#breadcrumb","itemListElement":[{"@type":"ListItem","position":1,"name":"Home","item":"https:\/\/www.sophie-international.com\/"},{"@type":"ListItem","position":2,"name":"cart","item":"https:\/\/www.sophie-international.com\/cart\/"},{"@type":"ListItem","position":3,"name":"Intiaani kaulakoru korvarenkaineen \u2013 Collares de cuello y oreja"}]},{"@type":"WebSite","@id":"https:\/\/www.sophie-international.com\/#website","url":"https:\/\/www.sophie-international.com\/","name":"Sophie International","description":"","potentialAction":[{"@type":"SearchAction","target":{"@type":"EntryPoint","urlTemplate":"https:\/\/www.sophie-international.com\/?s={search_term_string}"},"query-input":{"@type":"PropertyValueSpecification","valueRequired":true,"valueName":"search_term_string"}}],"inLanguage":"en-US"}]}},"_links":{"self":[{"href":"https:\/\/www.sophie-international.com\/en\/wp-json\/wp\/v2\/product\/905"}],"collection":[{"href":"https:\/\/www.sophie-international.com\/en\/wp-json\/wp\/v2\/product"}],"about":[{"href":"https:\/\/www.sophie-international.com\/en\/wp-json\/wp\/v2\/types\/product"}],"replies":[{"embeddable":true,"href":"https:\/\/www.sophie-international.com\/en\/wp-json\/wp\/v2\/comments?post=905"}],"wp:featuredmedia":[{"embeddable":true,"href":"https:\/\/www.sophie-international.com\/en\/wp-json\/wp\/v2\/media\/615"}],"wp:attachment":[{"href":"https:\/\/www.sophie-international.com\/en\/wp-json\/wp\/v2\/media?parent=905"}],"wp:term":[{"taxonomy":"product_cat","embeddable":true,"href":"https:\/\/www.sophie-international.com\/en\/wp-json\/wp\/v2\/product_cat?post=905"},{"taxonomy":"product_tag","embeddable":true,"href":"https:\/\/www.sophie-international.com\/en\/wp-json\/wp\/v2\/product_tag?post=905"}],"curies":[{"name":"wp","href":"https:\/\/api.w.org\/{rel}","templated":true}]}}