{"id":903,"date":"2023-10-06T07:50:05","date_gmt":"2023-10-06T05:50:05","guid":{"rendered":"http:\/\/www.sophie-international.com\/?post_type=product&#038;p=903"},"modified":"2025-02-10T06:32:01","modified_gmt":"2025-02-10T04:32:01","slug":"miehen-voimakoru-joya-de-fuerza","status":"publish","type":"product","link":"https:\/\/www.sophie-international.com\/en\/product\/miehen-voimakoru-joya-de-fuerza\/","title":{"rendered":"Man's Power Necklace - Joya de fuerza"},"content":{"rendered":"<p>The indigenous jewellery for sale is made in Ecuador. They are copies of the original indigenous jewellery. They do not contain natural wild animal teeth but have been replaced with plastic. We do not recommend this jewellery for people allergic to metal.<\/p>","protected":false},"excerpt":{"rendered":"<p>It is an Amazonian indigenous tradition to once in a lifetime kill a jaguar or other predator as a sign of masculinity, and make from its canine tooth a piece of jewellery, which may be passed down through the family for generations.<br \/>\nToday, the animal is protected, but it is poached ruthlessly.<br \/>\nThe man's power necklace is made of bronze and has a plastic replica of the jaguar's tooth attached to it to remind us of the tradition, but also to remind us of the disappearance of wild animals.<br \/>\nThe jewellery is made from local bronze, which is not as pure as that produced in Europe. It is therefore not recommended for people allergic to metals, and especially not for those sensitive to copper.<\/p>","protected":false},"featured_media":639,"comment_status":"open","ping_status":"closed","template":"","meta":[],"product_cat":[41],"product_tag":[],"yoast_head":"<!-- This site is optimized with the Yoast SEO plugin v23.5 - https:\/\/yoast.com\/wordpress\/plugins\/seo\/ -->\n<title>Miehen voimakoru - Joya de fuerza - Sophie International<\/title>\n<meta name=\"robots\" content=\"index, follow, max-snippet:-1, max-image-preview:large, max-video-preview:-1\" \/>\n<link rel=\"canonical\" href=\"https:\/\/www.sophie-international.com\/en\/product\/miehen-voimakoru-joya-de-fuerza\/\" \/>\n<meta property=\"og:locale\" content=\"en_US\" \/>\n<meta property=\"og:type\" content=\"article\" \/>\n<meta property=\"og:title\" content=\"Miehen voimakoru - Joya de fuerza - Sophie International\" \/>\n<meta property=\"og:description\" content=\"Amazonin intiaanien traditioon kuuluu miehisyyden osoittamiseksi tappaa kerran el\u00e4m\u00e4ss\u00e4\u00e4n jaguaari tai jokin muu petoel\u00e4in, ja valmistuttaa sen kulmahampaasta koru, joka saattaa kulkea suvussa useita sukupolvia. Nykyisin el\u00e4in on rauhoitettu, mutta sit\u00e4 salamets\u00e4stet\u00e4\u00e4n armottomasti. Miehen voimakoru on valmistettu bronssista ja siihen on liitetty muovinen kopio jaguaarin hampaasta muistuttamaan traditiosta, mutta samalla muistuttamaan villiel\u00e4inten katoamisesta. Koru on valmistettu paikallisesta bronssista, joka ei ole yht\u00e4 puhdasta kuin Euroopassa valmistettu. Siksi korua ei suositella metallille allergisille, eik\u00e4 varsinkaan kuparille herkistyneille.\" \/>\n<meta property=\"og:url\" content=\"https:\/\/www.sophie-international.com\/en\/product\/miehen-voimakoru-joya-de-fuerza\/\" \/>\n<meta property=\"og:site_name\" content=\"Sophie International\" \/>\n<meta property=\"article:modified_time\" content=\"2025-02-10T04:32:01+00:00\" \/>\n<meta property=\"og:image\" content=\"https:\/\/www.sophie-international.com\/wp-content\/uploads\/2023\/09\/IMG_6192_2-scaled.jpg\" \/>\n\t<meta property=\"og:image:width\" content=\"1706\" \/>\n\t<meta property=\"og:image:height\" content=\"2560\" \/>\n\t<meta property=\"og:image:type\" content=\"image\/jpeg\" \/>\n<meta name=\"twitter:card\" content=\"summary_large_image\" \/>\n<script type=\"application\/ld+json\" class=\"yoast-schema-graph\">{\"@context\":\"https:\/\/schema.org\",\"@graph\":[{\"@type\":\"WebPage\",\"@id\":\"https:\/\/www.sophie-international.com\/tuote\/miehen-voimakoru-joya-de-fuerza\/\",\"url\":\"https:\/\/www.sophie-international.com\/tuote\/miehen-voimakoru-joya-de-fuerza\/\",\"name\":\"Miehen voimakoru - Joya de fuerza - Sophie International\",\"isPartOf\":{\"@id\":\"https:\/\/www.sophie-international.com\/#website\"},\"primaryImageOfPage\":{\"@id\":\"https:\/\/www.sophie-international.com\/tuote\/miehen-voimakoru-joya-de-fuerza\/#primaryimage\"},\"image\":{\"@id\":\"https:\/\/www.sophie-international.com\/tuote\/miehen-voimakoru-joya-de-fuerza\/#primaryimage\"},\"thumbnailUrl\":\"https:\/\/www.sophie-international.com\/wp-content\/uploads\/2023\/09\/IMG_6192_2-scaled.jpg\",\"datePublished\":\"2023-10-06T05:50:05+00:00\",\"dateModified\":\"2025-02-10T04:32:01+00:00\",\"breadcrumb\":{\"@id\":\"https:\/\/www.sophie-international.com\/tuote\/miehen-voimakoru-joya-de-fuerza\/#breadcrumb\"},\"inLanguage\":\"en-US\",\"potentialAction\":[{\"@type\":\"ReadAction\",\"target\":[\"https:\/\/www.sophie-international.com\/tuote\/miehen-voimakoru-joya-de-fuerza\/\"]}]},{\"@type\":\"ImageObject\",\"inLanguage\":\"en-US\",\"@id\":\"https:\/\/www.sophie-international.com\/tuote\/miehen-voimakoru-joya-de-fuerza\/#primaryimage\",\"url\":\"https:\/\/www.sophie-international.com\/wp-content\/uploads\/2023\/09\/IMG_6192_2-scaled.jpg\",\"contentUrl\":\"https:\/\/www.sophie-international.com\/wp-content\/uploads\/2023\/09\/IMG_6192_2-scaled.jpg\",\"width\":1706,\"height\":2560,\"caption\":\"Pronssikoru\"},{\"@type\":\"BreadcrumbList\",\"@id\":\"https:\/\/www.sophie-international.com\/tuote\/miehen-voimakoru-joya-de-fuerza\/#breadcrumb\",\"itemListElement\":[{\"@type\":\"ListItem\",\"position\":1,\"name\":\"Home\",\"item\":\"https:\/\/www.sophie-international.com\/\"},{\"@type\":\"ListItem\",\"position\":2,\"name\":\"cart\",\"item\":\"https:\/\/www.sophie-international.com\/cart\/\"},{\"@type\":\"ListItem\",\"position\":3,\"name\":\"Miehen voimakoru &#8211; Joya de fuerza\"}]},{\"@type\":\"WebSite\",\"@id\":\"https:\/\/www.sophie-international.com\/#website\",\"url\":\"https:\/\/www.sophie-international.com\/\",\"name\":\"Sophie International\",\"description\":\"\",\"potentialAction\":[{\"@type\":\"SearchAction\",\"target\":{\"@type\":\"EntryPoint\",\"urlTemplate\":\"https:\/\/www.sophie-international.com\/?s={search_term_string}\"},\"query-input\":{\"@type\":\"PropertyValueSpecification\",\"valueRequired\":true,\"valueName\":\"search_term_string\"}}],\"inLanguage\":\"en-US\"}]}<\/script>\n<!-- \/ Yoast SEO plugin. -->","yoast_head_json":{"title":"Miehen voimakoru - Joya de fuerza - Sophie International","robots":{"index":"index","follow":"follow","max-snippet":"max-snippet:-1","max-image-preview":"max-image-preview:large","max-video-preview":"max-video-preview:-1"},"canonical":"https:\/\/www.sophie-international.com\/en\/product\/miehen-voimakoru-joya-de-fuerza\/","og_locale":"en_US","og_type":"article","og_title":"Miehen voimakoru - Joya de fuerza - Sophie International","og_description":"Amazonin intiaanien traditioon kuuluu miehisyyden osoittamiseksi tappaa kerran el\u00e4m\u00e4ss\u00e4\u00e4n jaguaari tai jokin muu petoel\u00e4in, ja valmistuttaa sen kulmahampaasta koru, joka saattaa kulkea suvussa useita sukupolvia. Nykyisin el\u00e4in on rauhoitettu, mutta sit\u00e4 salamets\u00e4stet\u00e4\u00e4n armottomasti. Miehen voimakoru on valmistettu bronssista ja siihen on liitetty muovinen kopio jaguaarin hampaasta muistuttamaan traditiosta, mutta samalla muistuttamaan villiel\u00e4inten katoamisesta. Koru on valmistettu paikallisesta bronssista, joka ei ole yht\u00e4 puhdasta kuin Euroopassa valmistettu. Siksi korua ei suositella metallille allergisille, eik\u00e4 varsinkaan kuparille herkistyneille.","og_url":"https:\/\/www.sophie-international.com\/en\/product\/miehen-voimakoru-joya-de-fuerza\/","og_site_name":"Sophie International","article_modified_time":"2025-02-10T04:32:01+00:00","og_image":[{"width":1706,"height":2560,"url":"https:\/\/www.sophie-international.com\/wp-content\/uploads\/2023\/09\/IMG_6192_2-scaled.jpg","type":"image\/jpeg"}],"twitter_card":"summary_large_image","schema":{"@context":"https:\/\/schema.org","@graph":[{"@type":"WebPage","@id":"https:\/\/www.sophie-international.com\/tuote\/miehen-voimakoru-joya-de-fuerza\/","url":"https:\/\/www.sophie-international.com\/tuote\/miehen-voimakoru-joya-de-fuerza\/","name":"Miehen voimakoru - Joya de fuerza - Sophie International","isPartOf":{"@id":"https:\/\/www.sophie-international.com\/#website"},"primaryImageOfPage":{"@id":"https:\/\/www.sophie-international.com\/tuote\/miehen-voimakoru-joya-de-fuerza\/#primaryimage"},"image":{"@id":"https:\/\/www.sophie-international.com\/tuote\/miehen-voimakoru-joya-de-fuerza\/#primaryimage"},"thumbnailUrl":"https:\/\/www.sophie-international.com\/wp-content\/uploads\/2023\/09\/IMG_6192_2-scaled.jpg","datePublished":"2023-10-06T05:50:05+00:00","dateModified":"2025-02-10T04:32:01+00:00","breadcrumb":{"@id":"https:\/\/www.sophie-international.com\/tuote\/miehen-voimakoru-joya-de-fuerza\/#breadcrumb"},"inLanguage":"en-US","potentialAction":[{"@type":"ReadAction","target":["https:\/\/www.sophie-international.com\/tuote\/miehen-voimakoru-joya-de-fuerza\/"]}]},{"@type":"ImageObject","inLanguage":"en-US","@id":"https:\/\/www.sophie-international.com\/tuote\/miehen-voimakoru-joya-de-fuerza\/#primaryimage","url":"https:\/\/www.sophie-international.com\/wp-content\/uploads\/2023\/09\/IMG_6192_2-scaled.jpg","contentUrl":"https:\/\/www.sophie-international.com\/wp-content\/uploads\/2023\/09\/IMG_6192_2-scaled.jpg","width":1706,"height":2560,"caption":"Pronssikoru"},{"@type":"BreadcrumbList","@id":"https:\/\/www.sophie-international.com\/tuote\/miehen-voimakoru-joya-de-fuerza\/#breadcrumb","itemListElement":[{"@type":"ListItem","position":1,"name":"Home","item":"https:\/\/www.sophie-international.com\/"},{"@type":"ListItem","position":2,"name":"cart","item":"https:\/\/www.sophie-international.com\/cart\/"},{"@type":"ListItem","position":3,"name":"Miehen voimakoru &#8211; Joya de fuerza"}]},{"@type":"WebSite","@id":"https:\/\/www.sophie-international.com\/#website","url":"https:\/\/www.sophie-international.com\/","name":"Sophie International","description":"","potentialAction":[{"@type":"SearchAction","target":{"@type":"EntryPoint","urlTemplate":"https:\/\/www.sophie-international.com\/?s={search_term_string}"},"query-input":{"@type":"PropertyValueSpecification","valueRequired":true,"valueName":"search_term_string"}}],"inLanguage":"en-US"}]}},"_links":{"self":[{"href":"https:\/\/www.sophie-international.com\/en\/wp-json\/wp\/v2\/product\/903"}],"collection":[{"href":"https:\/\/www.sophie-international.com\/en\/wp-json\/wp\/v2\/product"}],"about":[{"href":"https:\/\/www.sophie-international.com\/en\/wp-json\/wp\/v2\/types\/product"}],"replies":[{"embeddable":true,"href":"https:\/\/www.sophie-international.com\/en\/wp-json\/wp\/v2\/comments?post=903"}],"wp:featuredmedia":[{"embeddable":true,"href":"https:\/\/www.sophie-international.com\/en\/wp-json\/wp\/v2\/media\/639"}],"wp:attachment":[{"href":"https:\/\/www.sophie-international.com\/en\/wp-json\/wp\/v2\/media?parent=903"}],"wp:term":[{"taxonomy":"product_cat","embeddable":true,"href":"https:\/\/www.sophie-international.com\/en\/wp-json\/wp\/v2\/product_cat?post=903"},{"taxonomy":"product_tag","embeddable":true,"href":"https:\/\/www.sophie-international.com\/en\/wp-json\/wp\/v2\/product_tag?post=903"}],"curies":[{"name":"wp","href":"https:\/\/api.w.org\/{rel}","templated":true}]}}