{"id":816,"date":"2023-10-05T09:52:11","date_gmt":"2023-10-05T07:52:11","guid":{"rendered":"http:\/\/www.sophie-international.com\/?post_type=product&#038;p=816"},"modified":"2024-05-13T12:18:09","modified_gmt":"2024-05-13T10:18:09","slug":"alpakkahuivi","status":"publish","type":"product","link":"https:\/\/www.sophie-international.com\/en\/product\/alpakkahuivi\/","title":{"rendered":"Alpaca scarf"},"content":{"rendered":"<p>The combination of loose alpaca wool with a 70:30 ratio of durable synthetic material has proven to be an ideal combination that won't nub in use. The scarf retains its original layer of fat, which repels dirt and water when not washed off. What could be better in our climate! An alpaca scarf, when carefully cared for, is a good friend that will accompany you everywhere in summer and winter for many years to come. It's so stylish that you can even wear it to a party. The traditional alpaca scarf is a practical product that will provide you with good feeling for a long time. Well worth the price!<\/p>\n<p>Material:<br \/>\n70% Alpaca Wool<br \/>\n30% Polyamide ( needed for a durable binding)<br \/>\nCountry of origin Ecuador<\/p>\n<p>Made Ethically Without Child Labour.<\/p>\n<p>Size:<br \/>\n60cm x 195 cm<br \/>\nSuitable as a neck scarf or a shawl<\/p>\n<p>Care:<br \/>\nTo protect the natural fat layer, wash as little as possible.<br \/>\nAiring and brushing with natural bristles<br \/>\nHand wash at 30C, if necessary<br \/>\nAlso suitable for people allergic to wool, cashmere and mohair wool.<\/p>\n<p>Marketing &amp; Import Oy Sophie-International Ab<\/p>\n<style>\n.wp-image-526 { margin: 0px 15px 0px 0px; } .wp-image-524 { margin: 0px 15px 0px 15px; } .wp-image-523 { margin: 0px 15px 0px 0px; } .wp-image-522 { margin: 20px 15px 0px 0px; } <\/style>\n<p><img loading=\"lazy\" decoding=\"async\" class=\"wp-image-526 alignleft\" src=\"http:\/\/www.sophie-international.com\/wp-content\/uploads\/2023\/09\/IMG_20220912_1831152-768x1024.jpg\" alt=\"\" width=\"400\" height=\"533\" srcset=\"https:\/\/www.sophie-international.com\/wp-content\/uploads\/2023\/09\/IMG_20220912_1831152-768x1024.jpg 768w, https:\/\/www.sophie-international.com\/wp-content\/uploads\/2023\/09\/IMG_20220912_1831152-scaled-600x800.jpg 600w, https:\/\/www.sophie-international.com\/wp-content\/uploads\/2023\/09\/IMG_20220912_1831152-225x300.jpg 225w, https:\/\/www.sophie-international.com\/wp-content\/uploads\/2023\/09\/IMG_20220912_1831152-1152x1536.jpg 1152w, https:\/\/www.sophie-international.com\/wp-content\/uploads\/2023\/09\/IMG_20220912_1831152-1536x2048.jpg 1536w, https:\/\/www.sophie-international.com\/wp-content\/uploads\/2023\/09\/IMG_20220912_1831152-9x12.jpg 9w, https:\/\/www.sophie-international.com\/wp-content\/uploads\/2023\/09\/IMG_20220912_1831152-scaled.jpg 1920w\" sizes=\"(max-width: 400px) 100vw, 400px\" \/><img loading=\"lazy\" decoding=\"async\" class=\"wp-image-524 alignleft\" src=\"http:\/\/www.sophie-international.com\/wp-content\/uploads\/2023\/09\/IMG_20230122_133721-768x1024.jpg\" alt=\"\" width=\"400\" height=\"533\" srcset=\"https:\/\/www.sophie-international.com\/wp-content\/uploads\/2023\/09\/IMG_20230122_133721-768x1024.jpg 768w, https:\/\/www.sophie-international.com\/wp-content\/uploads\/2023\/09\/IMG_20230122_133721-scaled-600x800.jpg 600w, https:\/\/www.sophie-international.com\/wp-content\/uploads\/2023\/09\/IMG_20230122_133721-225x300.jpg 225w, https:\/\/www.sophie-international.com\/wp-content\/uploads\/2023\/09\/IMG_20230122_133721-1152x1536.jpg 1152w, https:\/\/www.sophie-international.com\/wp-content\/uploads\/2023\/09\/IMG_20230122_133721-1536x2048.jpg 1536w, https:\/\/www.sophie-international.com\/wp-content\/uploads\/2023\/09\/IMG_20230122_133721-9x12.jpg 9w, https:\/\/www.sophie-international.com\/wp-content\/uploads\/2023\/09\/IMG_20230122_133721-scaled.jpg 1920w\" sizes=\"(max-width: 400px) 100vw, 400px\" \/><\/p>\n<p><img loading=\"lazy\" decoding=\"async\" class=\"alignleft wp-image-523\" src=\"http:\/\/www.sophie-international.com\/wp-content\/uploads\/2023\/09\/IMG_20230526_112139-edited-1024x683.jpg\" alt=\"\" width=\"830\" height=\"553\" srcset=\"https:\/\/www.sophie-international.com\/wp-content\/uploads\/2023\/09\/IMG_20230526_112139-edited-1024x683.jpg 1024w, https:\/\/www.sophie-international.com\/wp-content\/uploads\/2023\/09\/IMG_20230526_112139-edited-scaled-600x400.jpg 600w, https:\/\/www.sophie-international.com\/wp-content\/uploads\/2023\/09\/IMG_20230526_112139-edited-300x200.jpg 300w, https:\/\/www.sophie-international.com\/wp-content\/uploads\/2023\/09\/IMG_20230526_112139-edited-768x512.jpg 768w, https:\/\/www.sophie-international.com\/wp-content\/uploads\/2023\/09\/IMG_20230526_112139-edited-1536x1024.jpg 1536w, https:\/\/www.sophie-international.com\/wp-content\/uploads\/2023\/09\/IMG_20230526_112139-edited-2048x1365.jpg 2048w, https:\/\/www.sophie-international.com\/wp-content\/uploads\/2023\/09\/IMG_20230526_112139-edited-18x12.jpg 18w\" sizes=\"(max-width: 830px) 100vw, 830px\" \/><img loading=\"lazy\" decoding=\"async\" class=\"alignleft wp-image-522\" src=\"http:\/\/www.sophie-international.com\/wp-content\/uploads\/2023\/09\/IMG_20230526_112120-edited-1024x683.jpg\" alt=\"\" width=\"830\" height=\"553\" srcset=\"https:\/\/www.sophie-international.com\/wp-content\/uploads\/2023\/09\/IMG_20230526_112120-edited-1024x683.jpg 1024w, https:\/\/www.sophie-international.com\/wp-content\/uploads\/2023\/09\/IMG_20230526_112120-edited-scaled-600x400.jpg 600w, https:\/\/www.sophie-international.com\/wp-content\/uploads\/2023\/09\/IMG_20230526_112120-edited-300x200.jpg 300w, https:\/\/www.sophie-international.com\/wp-content\/uploads\/2023\/09\/IMG_20230526_112120-edited-768x512.jpg 768w, https:\/\/www.sophie-international.com\/wp-content\/uploads\/2023\/09\/IMG_20230526_112120-edited-1536x1024.jpg 1536w, https:\/\/www.sophie-international.com\/wp-content\/uploads\/2023\/09\/IMG_20230526_112120-edited-2048x1366.jpg 2048w, https:\/\/www.sophie-international.com\/wp-content\/uploads\/2023\/09\/IMG_20230526_112120-edited-18x12.jpg 18w\" sizes=\"(max-width: 830px) 100vw, 830px\" \/><\/p>\n<p>&nbsp;<\/p>\n<p>&nbsp;<\/p>\n<p>&nbsp;<\/p>","protected":false},"excerpt":{"rendered":"<p>From the traditional alpaca scarf of the Andean indigenous we have created a product to the modern consumer.<br \/>\nThe alpaca scarf works just as well in the mountainous conditions of the Andes as it does in the Nordic countries, where temperatures and humidity vary.<br \/>\nThe original fat layer of the alpaca wool repels dirt and water when it is not worn away by excessive washing. When well cared for, the alpaca scarf is a good friend that will accompany you from summer to winter for many years.<\/p>","protected":false},"featured_media":567,"comment_status":"open","ping_status":"closed","template":"","meta":[],"product_cat":[30],"product_tag":[],"yoast_head":"<!-- This site is optimized with the Yoast SEO plugin v23.5 - https:\/\/yoast.com\/wordpress\/plugins\/seo\/ -->\n<title>Alpakkahuivi - Sophie International<\/title>\n<meta name=\"robots\" content=\"index, follow, max-snippet:-1, max-image-preview:large, max-video-preview:-1\" \/>\n<link rel=\"canonical\" href=\"https:\/\/www.sophie-international.com\/en\/product\/alpakkahuivi\/\" \/>\n<meta property=\"og:locale\" content=\"en_US\" \/>\n<meta property=\"og:type\" content=\"article\" \/>\n<meta property=\"og:title\" content=\"Alpakkahuivi - Sophie International\" \/>\n<meta property=\"og:description\" content=\"Loimme Andien vuorilla asuvien intiaanien perinteisest\u00e4 alpakkahuivista modernin kuluttajan tuotteen. Alpakkahuivi toimii yht\u00e4 hyvin kuin Andien vuoristo-olosuhteissa my\u00f6s Pohjoismaissa, miss\u00e4 ilmaston l\u00e4mp\u00f6tilat ja kosteusolosuhteet vaihtelevat. Alpakkahuivin alkuper\u00e4inen rasvakerros hylkii likaa ja vett\u00e4, kun sit\u00e4 ei kuluta liialla pesulla pois. Alapakkahuivi on hyvin hoidettuna hyv\u00e4 yst\u00e4v\u00e4, joka seuraa sinun mukana kes\u00e4t talvet monta vuotta.\" \/>\n<meta property=\"og:url\" content=\"https:\/\/www.sophie-international.com\/en\/product\/alpakkahuivi\/\" \/>\n<meta property=\"og:site_name\" content=\"Sophie International\" \/>\n<meta property=\"article:modified_time\" content=\"2024-05-13T10:18:09+00:00\" \/>\n<meta property=\"og:image\" content=\"http:\/\/www.sophie-international.com\/wp-content\/uploads\/2023\/09\/IMG_20230820_121403-1024x682.png\" \/>\n\t<meta property=\"og:image:width\" content=\"1024\" \/>\n\t<meta property=\"og:image:height\" content=\"682\" \/>\n\t<meta property=\"og:image:type\" content=\"image\/png\" \/>\n<meta name=\"twitter:card\" content=\"summary_large_image\" \/>\n<meta name=\"twitter:label1\" content=\"Est. reading time\" \/>\n\t<meta name=\"twitter:data1\" content=\"2 minutes\" \/>\n<script type=\"application\/ld+json\" class=\"yoast-schema-graph\">{\"@context\":\"https:\/\/schema.org\",\"@graph\":[{\"@type\":\"WebPage\",\"@id\":\"https:\/\/www.sophie-international.com\/tuote\/alpakkahuivi\/\",\"url\":\"https:\/\/www.sophie-international.com\/tuote\/alpakkahuivi\/\",\"name\":\"Alpakkahuivi - Sophie International\",\"isPartOf\":{\"@id\":\"https:\/\/www.sophie-international.com\/#website\"},\"primaryImageOfPage\":{\"@id\":\"https:\/\/www.sophie-international.com\/tuote\/alpakkahuivi\/#primaryimage\"},\"image\":{\"@id\":\"https:\/\/www.sophie-international.com\/tuote\/alpakkahuivi\/#primaryimage\"},\"thumbnailUrl\":\"https:\/\/www.sophie-international.com\/wp-content\/uploads\/2023\/09\/IMG_20230820_121403.png\",\"datePublished\":\"2023-10-05T07:52:11+00:00\",\"dateModified\":\"2024-05-13T10:18:09+00:00\",\"breadcrumb\":{\"@id\":\"https:\/\/www.sophie-international.com\/tuote\/alpakkahuivi\/#breadcrumb\"},\"inLanguage\":\"en-US\",\"potentialAction\":[{\"@type\":\"ReadAction\",\"target\":[\"https:\/\/www.sophie-international.com\/tuote\/alpakkahuivi\/\"]}]},{\"@type\":\"ImageObject\",\"inLanguage\":\"en-US\",\"@id\":\"https:\/\/www.sophie-international.com\/tuote\/alpakkahuivi\/#primaryimage\",\"url\":\"https:\/\/www.sophie-international.com\/wp-content\/uploads\/2023\/09\/IMG_20230820_121403.png\",\"contentUrl\":\"https:\/\/www.sophie-international.com\/wp-content\/uploads\/2023\/09\/IMG_20230820_121403.png\",\"width\":4011,\"height\":2673,\"caption\":\"Alpakkahuivi\"},{\"@type\":\"BreadcrumbList\",\"@id\":\"https:\/\/www.sophie-international.com\/tuote\/alpakkahuivi\/#breadcrumb\",\"itemListElement\":[{\"@type\":\"ListItem\",\"position\":1,\"name\":\"Home\",\"item\":\"https:\/\/www.sophie-international.com\/\"},{\"@type\":\"ListItem\",\"position\":2,\"name\":\"cart\",\"item\":\"https:\/\/www.sophie-international.com\/cart\/\"},{\"@type\":\"ListItem\",\"position\":3,\"name\":\"Alpakkahuivi\"}]},{\"@type\":\"WebSite\",\"@id\":\"https:\/\/www.sophie-international.com\/#website\",\"url\":\"https:\/\/www.sophie-international.com\/\",\"name\":\"Sophie International\",\"description\":\"\",\"potentialAction\":[{\"@type\":\"SearchAction\",\"target\":{\"@type\":\"EntryPoint\",\"urlTemplate\":\"https:\/\/www.sophie-international.com\/?s={search_term_string}\"},\"query-input\":{\"@type\":\"PropertyValueSpecification\",\"valueRequired\":true,\"valueName\":\"search_term_string\"}}],\"inLanguage\":\"en-US\"}]}<\/script>\n<!-- \/ Yoast SEO plugin. -->","yoast_head_json":{"title":"Alpakkahuivi - Sophie International","robots":{"index":"index","follow":"follow","max-snippet":"max-snippet:-1","max-image-preview":"max-image-preview:large","max-video-preview":"max-video-preview:-1"},"canonical":"https:\/\/www.sophie-international.com\/en\/product\/alpakkahuivi\/","og_locale":"en_US","og_type":"article","og_title":"Alpakkahuivi - Sophie International","og_description":"Loimme Andien vuorilla asuvien intiaanien perinteisest\u00e4 alpakkahuivista modernin kuluttajan tuotteen. Alpakkahuivi toimii yht\u00e4 hyvin kuin Andien vuoristo-olosuhteissa my\u00f6s Pohjoismaissa, miss\u00e4 ilmaston l\u00e4mp\u00f6tilat ja kosteusolosuhteet vaihtelevat. Alpakkahuivin alkuper\u00e4inen rasvakerros hylkii likaa ja vett\u00e4, kun sit\u00e4 ei kuluta liialla pesulla pois. Alapakkahuivi on hyvin hoidettuna hyv\u00e4 yst\u00e4v\u00e4, joka seuraa sinun mukana kes\u00e4t talvet monta vuotta.","og_url":"https:\/\/www.sophie-international.com\/en\/product\/alpakkahuivi\/","og_site_name":"Sophie International","article_modified_time":"2024-05-13T10:18:09+00:00","og_image":[{"width":1024,"height":682,"url":"http:\/\/www.sophie-international.com\/wp-content\/uploads\/2023\/09\/IMG_20230820_121403-1024x682.png","type":"image\/png"}],"twitter_card":"summary_large_image","twitter_misc":{"Est. reading time":"2 minutes"},"schema":{"@context":"https:\/\/schema.org","@graph":[{"@type":"WebPage","@id":"https:\/\/www.sophie-international.com\/tuote\/alpakkahuivi\/","url":"https:\/\/www.sophie-international.com\/tuote\/alpakkahuivi\/","name":"Alpakkahuivi - Sophie International","isPartOf":{"@id":"https:\/\/www.sophie-international.com\/#website"},"primaryImageOfPage":{"@id":"https:\/\/www.sophie-international.com\/tuote\/alpakkahuivi\/#primaryimage"},"image":{"@id":"https:\/\/www.sophie-international.com\/tuote\/alpakkahuivi\/#primaryimage"},"thumbnailUrl":"https:\/\/www.sophie-international.com\/wp-content\/uploads\/2023\/09\/IMG_20230820_121403.png","datePublished":"2023-10-05T07:52:11+00:00","dateModified":"2024-05-13T10:18:09+00:00","breadcrumb":{"@id":"https:\/\/www.sophie-international.com\/tuote\/alpakkahuivi\/#breadcrumb"},"inLanguage":"en-US","potentialAction":[{"@type":"ReadAction","target":["https:\/\/www.sophie-international.com\/tuote\/alpakkahuivi\/"]}]},{"@type":"ImageObject","inLanguage":"en-US","@id":"https:\/\/www.sophie-international.com\/tuote\/alpakkahuivi\/#primaryimage","url":"https:\/\/www.sophie-international.com\/wp-content\/uploads\/2023\/09\/IMG_20230820_121403.png","contentUrl":"https:\/\/www.sophie-international.com\/wp-content\/uploads\/2023\/09\/IMG_20230820_121403.png","width":4011,"height":2673,"caption":"Alpakkahuivi"},{"@type":"BreadcrumbList","@id":"https:\/\/www.sophie-international.com\/tuote\/alpakkahuivi\/#breadcrumb","itemListElement":[{"@type":"ListItem","position":1,"name":"Home","item":"https:\/\/www.sophie-international.com\/"},{"@type":"ListItem","position":2,"name":"cart","item":"https:\/\/www.sophie-international.com\/cart\/"},{"@type":"ListItem","position":3,"name":"Alpakkahuivi"}]},{"@type":"WebSite","@id":"https:\/\/www.sophie-international.com\/#website","url":"https:\/\/www.sophie-international.com\/","name":"Sophie International","description":"","potentialAction":[{"@type":"SearchAction","target":{"@type":"EntryPoint","urlTemplate":"https:\/\/www.sophie-international.com\/?s={search_term_string}"},"query-input":{"@type":"PropertyValueSpecification","valueRequired":true,"valueName":"search_term_string"}}],"inLanguage":"en-US"}]}},"_links":{"self":[{"href":"https:\/\/www.sophie-international.com\/en\/wp-json\/wp\/v2\/product\/816"}],"collection":[{"href":"https:\/\/www.sophie-international.com\/en\/wp-json\/wp\/v2\/product"}],"about":[{"href":"https:\/\/www.sophie-international.com\/en\/wp-json\/wp\/v2\/types\/product"}],"replies":[{"embeddable":true,"href":"https:\/\/www.sophie-international.com\/en\/wp-json\/wp\/v2\/comments?post=816"}],"wp:featuredmedia":[{"embeddable":true,"href":"https:\/\/www.sophie-international.com\/en\/wp-json\/wp\/v2\/media\/567"}],"wp:attachment":[{"href":"https:\/\/www.sophie-international.com\/en\/wp-json\/wp\/v2\/media?parent=816"}],"wp:term":[{"taxonomy":"product_cat","embeddable":true,"href":"https:\/\/www.sophie-international.com\/en\/wp-json\/wp\/v2\/product_cat?post=816"},{"taxonomy":"product_tag","embeddable":true,"href":"https:\/\/www.sophie-international.com\/en\/wp-json\/wp\/v2\/product_tag?post=816"}],"curies":[{"name":"wp","href":"https:\/\/api.w.org\/{rel}","templated":true}]}}