{"id":54,"date":"2023-09-07T05:22:53","date_gmt":"2023-09-07T05:22:53","guid":{"rendered":"http:\/\/www.sophie-international.com\/?page_id=54"},"modified":"2023-10-12T09:23:51","modified_gmt":"2023-10-12T07:23:51","slug":"tarina","status":"publish","type":"page","link":"https:\/\/www.sophie-international.com\/en\/tarina\/","title":{"rendered":"Our story"},"content":{"rendered":"<div class=\"wp-block-group alignwide is-layout-constrained wp-block-group-is-layout-constrained\">\n<h2 class=\"wp-block-heading has-text-align-center\">Our story<\/h2>\n<\/div>\n\n\n\n<div class=\"wp-block-group alignfull is-layout-constrained wp-block-group-is-layout-constrained\">\n<div class=\"wp-block-group alignwide is-vertical is-layout-flex wp-container-core-group-layout-2 wp-block-group-is-layout-flex\">\n<p>I founded my company Oy Sophie-International Ab in 1994. Sophie means wise woman, and I want with the name to emphasize<br>the importance of women in the business world. Before starting my own business, I had a long career in international marketing. As an entrepreneur I continued as a consultant.<\/p>\n\n\n\n<p>Being a biologist by education, I had a big dream of one day exploring the Galapagos Islands and the unique<br>nature of the Amazon jungle. I finally got the chance when I made my first trip to Ecuador in 2009.<\/p>\n\n\n\n<p><br>Ecuador, as its name suggests, is located on the equator and turned out to be a very fascinating country in terms of culture and geography. The central highlands are intersected by the Andes Mountains, which divide the country into a coastal region and the Amazon jungle. The diversity of the country's animals, plants and cultures stole my heart. Speaking Spanish, I was able to communicate with the indigenous population, made up of Inca descendants and mestizos. I could not help but notice the injustice of the indigenous people, who seemed to have no documented rights to the land that was once promised to them, but was instead sold off by the state to the Chinese, for example, for oil exploration and agriculture.<\/p>\n\n\n\n<p><br>Since then, there have been many more long trips to Ecuador.<\/p>\n\n\n\n<div class=\"wp-block-media-text is-stacked-on-mobile is-image-fill\" style=\"grid-template-columns:43% auto\"><figure class=\"wp-block-media-text__media\" style=\"background-image:url(http:\/\/www.sophie-international.com\/wp-content\/uploads\/2023\/09\/PB200548.jpeg);background-position:61% 43%\"><img loading=\"lazy\" decoding=\"async\" width=\"640\" height=\"480\" src=\"http:\/\/www.sophie-international.com\/wp-content\/uploads\/2023\/09\/PB200548.jpeg\" alt=\"\" class=\"wp-image-64 size-full\" srcset=\"https:\/\/www.sophie-international.com\/wp-content\/uploads\/2023\/09\/PB200548.jpeg 640w, https:\/\/www.sophie-international.com\/wp-content\/uploads\/2023\/09\/PB200548-600x450.jpeg 600w, https:\/\/www.sophie-international.com\/wp-content\/uploads\/2023\/09\/PB200548-300x225.jpeg 300w\" sizes=\"(max-width: 640px) 100vw, 640px\" \/><\/figure><div class=\"wp-block-media-text__content\">\n<p>In Ecuador, ecotourism is a very fast-growing industry, but the poor indigenous population does not have the resources to invest in it. They make their living by selling tourists their traditional handicraft products, which they make either by hand or in their small primitive factories.<\/p>\n\n\n\n<p><br>The idea came to me: could I directly support small indigenous businesses with my marketing experience? That would be the best development aid.<\/p>\n\n\n\n<p><br>I thought that many traditional indigenous products, with a little modernisation, could also be very suitable for Western consumers. I started the development process with products made from alpaca wool.<\/p>\n\n\n\n<p><br>The project was not easy. Neither small businesses nor people had bank accounts. The colours and quality of the products were completely different from the European taste. We just had to trust that together we would succeed, and here we are.<\/p>\n<\/div><\/div>\n<\/div>\n<\/div>","protected":false},"excerpt":{"rendered":"<p>Tarina Perustin yritykseni Oy Sophie-International Ab vuonna 1994. Sophie tarkoittaa viisasta naista, ja haluan nimell\u00e4 korostaa naisten osuudenmerkityst\u00e4 yritysmaailmassa. Ennen oman yritykseni perustamista minulla oli pitk\u00e4 ura kansainv\u00e4lisess\u00e4 markkinoinnissa. Yritt\u00e4j\u00e4n\u00e4 jatkoin konsulttina. Koska olen koulutukseltani biologi, niin suuri haaveeni oli joskus perehty\u00e4 Galapagos-saariin ja Amazonin viidakkojen ainutlaatuiseenluontoon. Sain siihen vihdoin mahdollisuuden, kun tein ensimm\u00e4isen matkani [&hellip;]<\/p>","protected":false},"author":2,"featured_media":0,"parent":0,"menu_order":0,"comment_status":"closed","ping_status":"closed","template":"","meta":{"footnotes":""},"yoast_head":"<!-- This site is optimized with the Yoast SEO plugin v23.5 - https:\/\/yoast.com\/wordpress\/plugins\/seo\/ -->\n<title>Tarina - Sophie International<\/title>\n<meta name=\"robots\" content=\"index, follow, max-snippet:-1, max-image-preview:large, max-video-preview:-1\" \/>\n<link rel=\"canonical\" href=\"https:\/\/www.sophie-international.com\/en\/tarina\/\" \/>\n<meta property=\"og:locale\" content=\"en_US\" \/>\n<meta property=\"og:type\" content=\"article\" \/>\n<meta property=\"og:title\" content=\"Tarina - Sophie International\" \/>\n<meta property=\"og:description\" content=\"Tarina Perustin yritykseni Oy Sophie-International Ab vuonna 1994. Sophie tarkoittaa viisasta naista, ja haluan nimell\u00e4 korostaa naisten osuudenmerkityst\u00e4 yritysmaailmassa. Ennen oman yritykseni perustamista minulla oli pitk\u00e4 ura kansainv\u00e4lisess\u00e4 markkinoinnissa. Yritt\u00e4j\u00e4n\u00e4 jatkoin konsulttina. Koska olen koulutukseltani biologi, niin suuri haaveeni oli joskus perehty\u00e4 Galapagos-saariin ja Amazonin viidakkojen ainutlaatuiseenluontoon. Sain siihen vihdoin mahdollisuuden, kun tein ensimm\u00e4isen matkani [&hellip;]\" \/>\n<meta property=\"og:url\" content=\"https:\/\/www.sophie-international.com\/en\/tarina\/\" \/>\n<meta property=\"og:site_name\" content=\"Sophie International\" \/>\n<meta property=\"article:modified_time\" content=\"2023-10-12T07:23:51+00:00\" \/>\n<meta property=\"og:image\" content=\"http:\/\/www.sophie-international.com\/wp-content\/uploads\/2023\/09\/PB200548.jpeg\" \/>\n<meta name=\"twitter:card\" content=\"summary_large_image\" \/>\n<meta name=\"twitter:label1\" content=\"Est. reading time\" \/>\n\t<meta name=\"twitter:data1\" content=\"1 minute\" \/>\n<script type=\"application\/ld+json\" class=\"yoast-schema-graph\">{\"@context\":\"https:\/\/schema.org\",\"@graph\":[{\"@type\":\"WebPage\",\"@id\":\"https:\/\/www.sophie-international.com\/tarina\/\",\"url\":\"https:\/\/www.sophie-international.com\/tarina\/\",\"name\":\"Tarina - Sophie International\",\"isPartOf\":{\"@id\":\"https:\/\/www.sophie-international.com\/#website\"},\"primaryImageOfPage\":{\"@id\":\"https:\/\/www.sophie-international.com\/tarina\/#primaryimage\"},\"image\":{\"@id\":\"https:\/\/www.sophie-international.com\/tarina\/#primaryimage\"},\"thumbnailUrl\":\"http:\/\/www.sophie-international.com\/wp-content\/uploads\/2023\/09\/PB200548.jpeg\",\"datePublished\":\"2023-09-07T05:22:53+00:00\",\"dateModified\":\"2023-10-12T07:23:51+00:00\",\"breadcrumb\":{\"@id\":\"https:\/\/www.sophie-international.com\/tarina\/#breadcrumb\"},\"inLanguage\":\"en-US\",\"potentialAction\":[{\"@type\":\"ReadAction\",\"target\":[\"https:\/\/www.sophie-international.com\/tarina\/\"]}]},{\"@type\":\"ImageObject\",\"inLanguage\":\"en-US\",\"@id\":\"https:\/\/www.sophie-international.com\/tarina\/#primaryimage\",\"url\":\"http:\/\/www.sophie-international.com\/wp-content\/uploads\/2023\/09\/PB200548.jpeg\",\"contentUrl\":\"http:\/\/www.sophie-international.com\/wp-content\/uploads\/2023\/09\/PB200548.jpeg\"},{\"@type\":\"BreadcrumbList\",\"@id\":\"https:\/\/www.sophie-international.com\/tarina\/#breadcrumb\",\"itemListElement\":[{\"@type\":\"ListItem\",\"position\":1,\"name\":\"Home\",\"item\":\"https:\/\/www.sophie-international.com\/\"},{\"@type\":\"ListItem\",\"position\":2,\"name\":\"Tarina\"}]},{\"@type\":\"WebSite\",\"@id\":\"https:\/\/www.sophie-international.com\/#website\",\"url\":\"https:\/\/www.sophie-international.com\/\",\"name\":\"Sophie International\",\"description\":\"\",\"potentialAction\":[{\"@type\":\"SearchAction\",\"target\":{\"@type\":\"EntryPoint\",\"urlTemplate\":\"https:\/\/www.sophie-international.com\/?s={search_term_string}\"},\"query-input\":{\"@type\":\"PropertyValueSpecification\",\"valueRequired\":true,\"valueName\":\"search_term_string\"}}],\"inLanguage\":\"en-US\"}]}<\/script>\n<!-- \/ Yoast SEO plugin. -->","yoast_head_json":{"title":"Tarina - Sophie International","robots":{"index":"index","follow":"follow","max-snippet":"max-snippet:-1","max-image-preview":"max-image-preview:large","max-video-preview":"max-video-preview:-1"},"canonical":"https:\/\/www.sophie-international.com\/en\/tarina\/","og_locale":"en_US","og_type":"article","og_title":"Tarina - Sophie International","og_description":"Tarina Perustin yritykseni Oy Sophie-International Ab vuonna 1994. Sophie tarkoittaa viisasta naista, ja haluan nimell\u00e4 korostaa naisten osuudenmerkityst\u00e4 yritysmaailmassa. Ennen oman yritykseni perustamista minulla oli pitk\u00e4 ura kansainv\u00e4lisess\u00e4 markkinoinnissa. Yritt\u00e4j\u00e4n\u00e4 jatkoin konsulttina. Koska olen koulutukseltani biologi, niin suuri haaveeni oli joskus perehty\u00e4 Galapagos-saariin ja Amazonin viidakkojen ainutlaatuiseenluontoon. Sain siihen vihdoin mahdollisuuden, kun tein ensimm\u00e4isen matkani [&hellip;]","og_url":"https:\/\/www.sophie-international.com\/en\/tarina\/","og_site_name":"Sophie International","article_modified_time":"2023-10-12T07:23:51+00:00","og_image":[{"url":"http:\/\/www.sophie-international.com\/wp-content\/uploads\/2023\/09\/PB200548.jpeg"}],"twitter_card":"summary_large_image","twitter_misc":{"Est. reading time":"1 minute"},"schema":{"@context":"https:\/\/schema.org","@graph":[{"@type":"WebPage","@id":"https:\/\/www.sophie-international.com\/tarina\/","url":"https:\/\/www.sophie-international.com\/tarina\/","name":"Tarina - Sophie International","isPartOf":{"@id":"https:\/\/www.sophie-international.com\/#website"},"primaryImageOfPage":{"@id":"https:\/\/www.sophie-international.com\/tarina\/#primaryimage"},"image":{"@id":"https:\/\/www.sophie-international.com\/tarina\/#primaryimage"},"thumbnailUrl":"http:\/\/www.sophie-international.com\/wp-content\/uploads\/2023\/09\/PB200548.jpeg","datePublished":"2023-09-07T05:22:53+00:00","dateModified":"2023-10-12T07:23:51+00:00","breadcrumb":{"@id":"https:\/\/www.sophie-international.com\/tarina\/#breadcrumb"},"inLanguage":"en-US","potentialAction":[{"@type":"ReadAction","target":["https:\/\/www.sophie-international.com\/tarina\/"]}]},{"@type":"ImageObject","inLanguage":"en-US","@id":"https:\/\/www.sophie-international.com\/tarina\/#primaryimage","url":"http:\/\/www.sophie-international.com\/wp-content\/uploads\/2023\/09\/PB200548.jpeg","contentUrl":"http:\/\/www.sophie-international.com\/wp-content\/uploads\/2023\/09\/PB200548.jpeg"},{"@type":"BreadcrumbList","@id":"https:\/\/www.sophie-international.com\/tarina\/#breadcrumb","itemListElement":[{"@type":"ListItem","position":1,"name":"Home","item":"https:\/\/www.sophie-international.com\/"},{"@type":"ListItem","position":2,"name":"Tarina"}]},{"@type":"WebSite","@id":"https:\/\/www.sophie-international.com\/#website","url":"https:\/\/www.sophie-international.com\/","name":"Sophie International","description":"","potentialAction":[{"@type":"SearchAction","target":{"@type":"EntryPoint","urlTemplate":"https:\/\/www.sophie-international.com\/?s={search_term_string}"},"query-input":{"@type":"PropertyValueSpecification","valueRequired":true,"valueName":"search_term_string"}}],"inLanguage":"en-US"}]}},"_links":{"self":[{"href":"https:\/\/www.sophie-international.com\/en\/wp-json\/wp\/v2\/pages\/54"}],"collection":[{"href":"https:\/\/www.sophie-international.com\/en\/wp-json\/wp\/v2\/pages"}],"about":[{"href":"https:\/\/www.sophie-international.com\/en\/wp-json\/wp\/v2\/types\/page"}],"author":[{"embeddable":true,"href":"https:\/\/www.sophie-international.com\/en\/wp-json\/wp\/v2\/users\/2"}],"replies":[{"embeddable":true,"href":"https:\/\/www.sophie-international.com\/en\/wp-json\/wp\/v2\/comments?post=54"}],"version-history":[{"count":28,"href":"https:\/\/www.sophie-international.com\/en\/wp-json\/wp\/v2\/pages\/54\/revisions"}],"predecessor-version":[{"id":950,"href":"https:\/\/www.sophie-international.com\/en\/wp-json\/wp\/v2\/pages\/54\/revisions\/950"}],"wp:attachment":[{"href":"https:\/\/www.sophie-international.com\/en\/wp-json\/wp\/v2\/media?parent=54"}],"curies":[{"name":"wp","href":"https:\/\/api.w.org\/{rel}","templated":true}]}}